{"id":304,"date":"2023-04-07T11:04:10","date_gmt":"2023-04-07T09:04:10","guid":{"rendered":"https:\/\/medicalshop.dev.pyq.pl\/?post_type=product&#038;p=304"},"modified":"2023-04-07T11:04:34","modified_gmt":"2023-04-07T09:04:34","slug":"lek-jan-kowalski","status":"publish","type":"product","link":"https:\/\/medicalshop.dev.pyq.pl\/uk\/produkt\/lek-jan-kowalski\/","title":{"rendered":"lek. Jan Kowalski"},"content":{"rendered":"","protected":false},"excerpt":{"rendered":"<div class=\"mt-3 d-none d-md-block\">\n<p>Lekarz LARYNGOLOG zajmuje si\u0119 uk\u0142adem oddechowym.<strong> Do jego zada\u0144 nale\u017cy<\/strong> nie tylko leczenie, lecz tak\u017ce diagnostyka i profilaktyka schorze\u0144 narz\u0105d\u00f3w wchodz\u0105cych w sk\u0142ad uk\u0142adu oddechowego.<\/p>\n<\/div>\n<div class=\"d-flex mt-3 mt-md-0\"><\/div>\n","protected":false},"featured_media":233,"template":"","meta":[],"product_cat":[61,49,50],"product_tag":[],"class_list":["post-304","product","type-product","status-publish","has-post-thumbnail","hentry","product_cat-laryngolog","product_cat-lekarz","product_cat-pediatra-lekarz","wcpa_has_options"],"acf":[],"wcpa_form_fields":null,"_links":{"self":[{"href":"https:\/\/medicalshop.dev.pyq.pl\/uk\/wp-json\/wp\/v2\/product\/304","targetHints":{"allow":["GET"]}}],"collection":[{"href":"https:\/\/medicalshop.dev.pyq.pl\/uk\/wp-json\/wp\/v2\/product"}],"about":[{"href":"https:\/\/medicalshop.dev.pyq.pl\/uk\/wp-json\/wp\/v2\/types\/product"}],"wp:featuredmedia":[{"embeddable":true,"href":"https:\/\/medicalshop.dev.pyq.pl\/uk\/wp-json\/wp\/v2\/media\/233"}],"wp:attachment":[{"href":"https:\/\/medicalshop.dev.pyq.pl\/uk\/wp-json\/wp\/v2\/media?parent=304"}],"wp:term":[{"taxonomy":"product_cat","embeddable":true,"href":"https:\/\/medicalshop.dev.pyq.pl\/uk\/wp-json\/wp\/v2\/product_cat?post=304"},{"taxonomy":"product_tag","embeddable":true,"href":"https:\/\/medicalshop.dev.pyq.pl\/uk\/wp-json\/wp\/v2\/product_tag?post=304"}],"curies":[{"name":"wp","href":"https:\/\/api.w.org\/{rel}","templated":true}]}}